{"id":7990,"date":"2024-08-28T13:38:12","date_gmt":"2024-08-28T11:38:12","guid":{"rendered":"https:\/\/atteli.com\/?page_id=7990"},"modified":"2024-08-28T13:46:14","modified_gmt":"2024-08-28T11:46:14","slug":"praca","status":"publish","type":"page","link":"https:\/\/atteli.com\/pl\/praca\/","title":{"rendered":"Praca"},"content":{"rendered":"\t\t<div data-elementor-type=\"wp-page\" data-elementor-id=\"7990\" class=\"elementor elementor-7990\" data-elementor-post-type=\"page\">\n\t\t\t\t\t\t<section class=\"elementor-section elementor-top-section elementor-element elementor-element-e9c3630 elementor-section-boxed elementor-section-height-default elementor-section-height-default\" data-id=\"e9c3630\" data-element_type=\"section\" data-settings=\"{&quot;background_background&quot;:&quot;classic&quot;,&quot;jet_parallax_layout_list&quot;:[]}\">\n\t\t\t\t\t\t\t<div class=\"elementor-background-overlay\"><\/div>\n\t\t\t\t\t\t\t<div class=\"elementor-container elementor-column-gap-default\">\n\t\t\t\t\t<div class=\"elementor-column elementor-col-100 elementor-top-column elementor-element elementor-element-33b2782\" data-id=\"33b2782\" data-element_type=\"column\" data-settings=\"{&quot;background_background&quot;:&quot;classic&quot;}\">\n\t\t\t<div class=\"elementor-widget-wrap elementor-element-populated\">\n\t\t\t\t\t\t<div class=\"elementor-element elementor-element-825a874 breadcrumbs elementor-widget elementor-widget-shortcode\" data-id=\"825a874\" data-element_type=\"widget\" data-widget_type=\"shortcode.default\">\n\t\t\t\t<div class=\"elementor-widget-container\">\n\t\t\t\t\t\t\t<div class=\"elementor-shortcode\"><span><span><a href=\"https:\/\/atteli.com\/pl\/\">Home<\/a><\/span><\/span><\/div>\n\t\t\t\t\t\t<\/div>\n\t\t\t\t<\/div>\n\t\t\t\t<div class=\"elementor-element elementor-element-7121c7e font-light elementor-widget elementor-widget-heading\" data-id=\"7121c7e\" data-element_type=\"widget\" data-widget_type=\"heading.default\">\n\t\t\t\t<div class=\"elementor-widget-container\">\n\t\t\t\t\t<h1 class=\"elementor-heading-title elementor-size-default\">Praca<\/h1>\t\t\t\t<\/div>\n\t\t\t\t<\/div>\n\t\t\t\t\t<\/div>\n\t\t<\/div>\n\t\t\t\t\t<\/div>\n\t\t<\/section>\n\t\t\t\t<section class=\"elementor-section elementor-top-section elementor-element elementor-element-2021264 elementor-section-boxed elementor-section-height-default elementor-section-height-default\" data-id=\"2021264\" data-element_type=\"section\" data-settings=\"{&quot;jet_parallax_layout_list&quot;:[]}\">\n\t\t\t\t\t\t<div class=\"elementor-container elementor-column-gap-default\">\n\t\t\t\t\t<div class=\"elementor-column elementor-col-50 elementor-top-column elementor-element elementor-element-b4d9def\" data-id=\"b4d9def\" data-element_type=\"column\">\n\t\t\t<div class=\"elementor-widget-wrap elementor-element-populated\">\n\t\t\t\t\t\t<div class=\"elementor-element elementor-element-6648db6 elementor-widget elementor-widget-heading\" data-id=\"6648db6\" data-element_type=\"widget\" data-widget_type=\"heading.default\">\n\t\t\t\t<div class=\"elementor-widget-container\">\n\t\t\t\t\t<h2 class=\"elementor-heading-title elementor-size-default\">Znajd\u017a swoj\u0105 wymarzon\u0105 prac\u0119 ju\u017c dzi\u015b!<\/h2>\t\t\t\t<\/div>\n\t\t\t\t<\/div>\n\t\t\t\t<div class=\"elementor-element elementor-element-0be610c elementor-widget elementor-widget-text-editor\" data-id=\"0be610c\" data-element_type=\"widget\" data-widget_type=\"text-editor.default\">\n\t\t\t\t<div class=\"elementor-widget-container\">\n\t\t\t\t\t\t\t\t\tNaszym celem jest po\u0142\u0105czenie utalentowanych ludzi z odpowiednimi mo\u017cliwo\u015bciami zawodowymi. Niezale\u017cnie od tego, czego szukasz, jeste\u015bmy tutaj, aby pom\u00f3c Ci znale\u017a\u0107 idealne miejsce pracy. Przegl\u0105daj oferty i odkryj nowe perspektywy zawodowe z Atteli.\t\t\t\t\t\t\t\t<\/div>\n\t\t\t\t<\/div>\n\t\t\t\t\t<\/div>\n\t\t<\/div>\n\t\t\t\t<div class=\"elementor-column elementor-col-50 elementor-top-column elementor-element elementor-element-2fccd53\" data-id=\"2fccd53\" data-element_type=\"column\">\n\t\t\t<div class=\"elementor-widget-wrap elementor-element-populated\">\n\t\t\t\t\t\t<div class=\"elementor-element elementor-element-e2edd33 elementor-widget elementor-widget-image\" data-id=\"e2edd33\" data-element_type=\"widget\" data-widget_type=\"image.default\">\n\t\t\t\t<div class=\"elementor-widget-container\">\n\t\t\t\t\t\t\t\t\t\t\t\t\t\t\t<img fetchpriority=\"high\" decoding=\"async\" width=\"888\" height=\"563\" src=\"https:\/\/atteli.com\/wp-content\/uploads\/2024\/08\/atteli_praca.png\" class=\"attachment-large size-large wp-image-7995\" alt=\"Atteli praca\" srcset=\"https:\/\/atteli.com\/wp-content\/uploads\/2024\/08\/atteli_praca.png 888w, https:\/\/atteli.com\/wp-content\/uploads\/2024\/08\/atteli_praca-300x190.png 300w, https:\/\/atteli.com\/wp-content\/uploads\/2024\/08\/atteli_praca-768x487.png 768w, https:\/\/atteli.com\/wp-content\/uploads\/2024\/08\/atteli_praca-230x146.png 230w, https:\/\/atteli.com\/wp-content\/uploads\/2024\/08\/atteli_praca-350x222.png 350w, https:\/\/atteli.com\/wp-content\/uploads\/2024\/08\/atteli_praca-480x304.png 480w\" sizes=\"(max-width: 888px) 100vw, 888px\" \/>\t\t\t\t\t\t\t\t\t\t\t\t\t\t\t<\/div>\n\t\t\t\t<\/div>\n\t\t\t\t\t<\/div>\n\t\t<\/div>\n\t\t\t\t\t<\/div>\n\t\t<\/section>\n\t\t\t\t<section class=\"elementor-section elementor-top-section elementor-element elementor-element-0206ec4 elementor-section-boxed elementor-section-height-default elementor-section-height-default\" data-id=\"0206ec4\" data-element_type=\"section\" data-settings=\"{&quot;jet_parallax_layout_list&quot;:[]}\">\n\t\t\t\t\t\t<div class=\"elementor-container elementor-column-gap-default\">\n\t\t\t\t\t<div class=\"elementor-column elementor-col-100 elementor-top-column elementor-element elementor-element-fdfcb0f\" data-id=\"fdfcb0f\" data-element_type=\"column\">\n\t\t\t<div class=\"elementor-widget-wrap elementor-element-populated\">\n\t\t\t\t\t\t<div class=\"elementor-element elementor-element-9dd786f elementor-widget elementor-widget-heading\" data-id=\"9dd786f\" data-element_type=\"widget\" data-widget_type=\"heading.default\">\n\t\t\t\t<div class=\"elementor-widget-container\">\n\t\t\t\t\t<h2 class=\"elementor-heading-title elementor-size-default\">Zobacz dost\u0119pne oferty pracy<\/h2>\t\t\t\t<\/div>\n\t\t\t\t<\/div>\n\t\t\t\t<div class=\"elementor-element elementor-element-252c5df elementor-widget elementor-widget-html\" data-id=\"252c5df\" data-element_type=\"widget\" data-widget_type=\"html.default\">\n\t\t\t\t<div class=\"elementor-widget-container\">\n\t\t\t\t\t<script src=\"https:\/\/widget.gohire.io\/widget\/Uit1AkS0\"><\/script>\n\n<gohire-jobs><\/gohire-jobs>\t\t\t\t<\/div>\n\t\t\t\t<\/div>\n\t\t\t\t\t<\/div>\n\t\t<\/div>\n\t\t\t\t\t<\/div>\n\t\t<\/section>\n\t\t\t\t<section class=\"elementor-section elementor-top-section elementor-element elementor-element-cb6c493 elementor-section-boxed elementor-section-height-default elementor-section-height-default\" data-id=\"cb6c493\" data-element_type=\"section\" data-settings=\"{&quot;background_background&quot;:&quot;classic&quot;,&quot;jet_parallax_layout_list&quot;:[]}\">\n\t\t\t\t\t\t<div class=\"elementor-container elementor-column-gap-default\">\n\t\t\t\t\t<div class=\"elementor-column elementor-col-100 elementor-top-column elementor-element elementor-element-3865708\" data-id=\"3865708\" data-element_type=\"column\" data-settings=\"{&quot;background_background&quot;:&quot;classic&quot;}\">\n\t\t\t<div class=\"elementor-widget-wrap elementor-element-populated\">\n\t\t\t\t\t\t<section class=\"elementor-section elementor-inner-section elementor-element elementor-element-4772a56 elementor-section-boxed elementor-section-height-default elementor-section-height-default\" data-id=\"4772a56\" data-element_type=\"section\" data-settings=\"{&quot;jet_parallax_layout_list&quot;:[]}\">\n\t\t\t\t\t\t<div class=\"elementor-container elementor-column-gap-custom\">\n\t\t\t\t\t<div class=\"elementor-column elementor-col-50 elementor-inner-column elementor-element elementor-element-21e0ecb\" data-id=\"21e0ecb\" data-element_type=\"column\">\n\t\t\t<div class=\"elementor-widget-wrap elementor-element-populated\">\n\t\t\t\t\t\t<div class=\"elementor-element elementor-element-a6d1218 elementor-widget elementor-widget-heading\" data-id=\"a6d1218\" data-element_type=\"widget\" data-widget_type=\"heading.default\">\n\t\t\t\t<div class=\"elementor-widget-container\">\n\t\t\t\t\t<h2 class=\"elementor-heading-title elementor-size-default\">Chcesz wiedzie\u0107 wi\u0119cej?<\/h2>\t\t\t\t<\/div>\n\t\t\t\t<\/div>\n\t\t\t\t<div class=\"elementor-element elementor-element-b13e946 elementor-widget elementor-widget-text-editor\" data-id=\"b13e946\" data-element_type=\"widget\" data-widget_type=\"text-editor.default\">\n\t\t\t\t<div class=\"elementor-widget-container\">\n\t\t\t\t\t\t\t\t\t<p>Napisz lub zadzwo\u0144 i opowiedz nam o swoich potrzebach. Przedstawimy Ci mo\u017cliwo\u015bci.<\/p>\t\t\t\t\t\t\t\t<\/div>\n\t\t\t\t<\/div>\n\t\t\t\t<div class=\"elementor-element elementor-element-51c2208 elementor-widget elementor-widget-button\" data-id=\"51c2208\" data-element_type=\"widget\" data-widget_type=\"button.default\">\n\t\t\t\t<div class=\"elementor-widget-container\">\n\t\t\t\t\t\t\t\t\t<div class=\"elementor-button-wrapper\">\n\t\t\t\t\t<a class=\"elementor-button elementor-button-link elementor-size-sm\" href=\"\/pl\/umow-rozmowe\">\n\t\t\t\t\t\t<span class=\"elementor-button-content-wrapper\">\n\t\t\t\t\t\t\t\t\t<span class=\"elementor-button-text\">Skontaktuj si\u0119 z nami<\/span>\n\t\t\t\t\t<\/span>\n\t\t\t\t\t<\/a>\n\t\t\t\t<\/div>\n\t\t\t\t\t\t\t\t<\/div>\n\t\t\t\t<\/div>\n\t\t\t\t\t<\/div>\n\t\t<\/div>\n\t\t\t\t<div class=\"elementor-column elementor-col-50 elementor-inner-column elementor-element elementor-element-ca41665\" data-id=\"ca41665\" data-element_type=\"column\" data-settings=\"{&quot;background_background&quot;:&quot;classic&quot;}\">\n\t\t\t<div class=\"elementor-widget-wrap elementor-element-populated\">\n\t\t\t\t\t\t<div class=\"elementor-element elementor-element-1f47110 elementor-absolute elementor-widget elementor-widget-image\" data-id=\"1f47110\" data-element_type=\"widget\" data-settings=\"{&quot;_position&quot;:&quot;absolute&quot;}\" data-widget_type=\"image.default\">\n\t\t\t\t<div class=\"elementor-widget-container\">\n\t\t\t\t\t\t\t\t\t\t\t\t\t\t\t<img decoding=\"async\" width=\"857\" height=\"696\" src=\"https:\/\/atteli.com\/wp-content\/uploads\/2024\/06\/contact_us.png\" class=\"attachment-large size-large wp-image-6913\" alt=\"Contact us\" srcset=\"https:\/\/atteli.com\/wp-content\/uploads\/2024\/06\/contact_us.png 857w, https:\/\/atteli.com\/wp-content\/uploads\/2024\/06\/contact_us-300x244.png 300w, https:\/\/atteli.com\/wp-content\/uploads\/2024\/06\/contact_us-768x624.png 768w, https:\/\/atteli.com\/wp-content\/uploads\/2024\/06\/contact_us-230x187.png 230w, https:\/\/atteli.com\/wp-content\/uploads\/2024\/06\/contact_us-350x284.png 350w, https:\/\/atteli.com\/wp-content\/uploads\/2024\/06\/contact_us-480x390.png 480w\" sizes=\"(max-width: 857px) 100vw, 857px\" \/>\t\t\t\t\t\t\t\t\t\t\t\t\t\t\t<\/div>\n\t\t\t\t<\/div>\n\t\t\t\t\t<\/div>\n\t\t<\/div>\n\t\t\t\t\t<\/div>\n\t\t<\/section>\n\t\t\t\t\t<\/div>\n\t\t<\/div>\n\t\t\t\t\t<\/div>\n\t\t<\/section>\n\t\t\t\t<\/div>\n\t\t","protected":false},"excerpt":{"rendered":"<p>Praca Znajd\u017a swoj\u0105 wymarzon\u0105 prac\u0119 ju\u017c dzi\u015b! Naszym celem jest po\u0142\u0105czenie utalentowanych ludzi z odpowiednimi mo\u017cliwo\u015bciami zawodowymi. Niezale\u017cnie od tego, czego szukasz, [&hellip;]<\/p>\n","protected":false},"author":12,"featured_media":0,"parent":0,"menu_order":0,"comment_status":"closed","ping_status":"closed","template":"page-templates\/page_front-page.php","meta":{"footnotes":""},"class_list":["post-7990","page","type-page","status-publish","hentry"],"yoast_head":"<!-- This site is optimized with the Yoast SEO plugin v25.0 - https:\/\/yoast.com\/wordpress\/plugins\/seo\/ -->\n<title>Praca - Atteli<\/title>\n<meta name=\"description\" content=\"Praca - Budujemy aplikacje typu low-code na Microsoft Power Platform. Wdra\u017camy system CRM przy u\u017cyciu Microsoft Dynamics 365\" \/>\n<meta name=\"robots\" content=\"index, follow, max-snippet:-1, max-image-preview:large, max-video-preview:-1\" \/>\n<link rel=\"canonical\" href=\"https:\/\/atteli.com\/pl\/praca\/\" \/>\n<meta property=\"og:locale\" content=\"pl_PL\" \/>\n<meta property=\"og:type\" content=\"article\" \/>\n<meta property=\"og:title\" content=\"Praca - Atteli\" \/>\n<meta property=\"og:description\" content=\"Praca - Budujemy aplikacje typu low-code na Microsoft Power Platform. Wdra\u017camy system CRM przy u\u017cyciu Microsoft Dynamics 365\" \/>\n<meta property=\"og:url\" content=\"https:\/\/atteli.com\/pl\/praca\/\" \/>\n<meta property=\"og:site_name\" content=\"Atteli\" \/>\n<meta property=\"article:modified_time\" content=\"2024-08-28T11:46:14+00:00\" \/>\n<meta property=\"og:image\" content=\"http:\/\/atteli.com\/wp-content\/uploads\/2024\/08\/atteli_praca.png\" \/>\n<meta name=\"twitter:card\" content=\"summary_large_image\" \/>\n<meta name=\"twitter:label1\" content=\"Szacowany czas czytania\" \/>\n\t<meta name=\"twitter:data1\" content=\"1 minuta\" \/>\n<script type=\"application\/ld+json\" class=\"yoast-schema-graph\">{\"@context\":\"https:\/\/schema.org\",\"@graph\":[{\"@type\":\"WebPage\",\"@id\":\"https:\/\/atteli.com\/pl\/praca\/\",\"url\":\"https:\/\/atteli.com\/pl\/praca\/\",\"name\":\"Praca - Atteli\",\"isPartOf\":{\"@id\":\"https:\/\/atteli.com\/pl\/#website\"},\"primaryImageOfPage\":{\"@id\":\"https:\/\/atteli.com\/pl\/praca\/#primaryimage\"},\"image\":{\"@id\":\"https:\/\/atteli.com\/pl\/praca\/#primaryimage\"},\"thumbnailUrl\":\"http:\/\/atteli.com\/wp-content\/uploads\/2024\/08\/atteli_praca.png\",\"datePublished\":\"2024-08-28T11:38:12+00:00\",\"dateModified\":\"2024-08-28T11:46:14+00:00\",\"description\":\"Praca - Budujemy aplikacje typu low-code na Microsoft Power Platform. Wdra\u017camy system CRM przy u\u017cyciu Microsoft Dynamics 365\",\"breadcrumb\":{\"@id\":\"https:\/\/atteli.com\/pl\/praca\/#breadcrumb\"},\"inLanguage\":\"pl-PL\",\"potentialAction\":[{\"@type\":\"ReadAction\",\"target\":[\"https:\/\/atteli.com\/pl\/praca\/\"]}]},{\"@type\":\"ImageObject\",\"inLanguage\":\"pl-PL\",\"@id\":\"https:\/\/atteli.com\/pl\/praca\/#primaryimage\",\"url\":\"http:\/\/atteli.com\/wp-content\/uploads\/2024\/08\/atteli_praca.png\",\"contentUrl\":\"http:\/\/atteli.com\/wp-content\/uploads\/2024\/08\/atteli_praca.png\"},{\"@type\":\"BreadcrumbList\",\"@id\":\"https:\/\/atteli.com\/pl\/praca\/#breadcrumb\",\"itemListElement\":[{\"@type\":\"ListItem\",\"position\":1,\"name\":\"Home\",\"item\":\"https:\/\/atteli.com\/pl\/\"},{\"@type\":\"ListItem\",\"position\":2,\"name\":\"Praca\"}]},{\"@type\":\"WebSite\",\"@id\":\"https:\/\/atteli.com\/pl\/#website\",\"url\":\"https:\/\/atteli.com\/pl\/\",\"name\":\"Atteli\",\"description\":\"\u2013 We create low-code, no-code applications on the Power Platform and implement Dynamics 365 CE. We are your Microsoft Partner.\",\"potentialAction\":[{\"@type\":\"SearchAction\",\"target\":{\"@type\":\"EntryPoint\",\"urlTemplate\":\"https:\/\/atteli.com\/pl\/?s={search_term_string}\"},\"query-input\":{\"@type\":\"PropertyValueSpecification\",\"valueRequired\":true,\"valueName\":\"search_term_string\"}}],\"inLanguage\":\"pl-PL\"}]}<\/script>\n<!-- \/ Yoast SEO plugin. -->","yoast_head_json":{"title":"Praca - Atteli","description":"Praca - Budujemy aplikacje typu low-code na Microsoft Power Platform. Wdra\u017camy system CRM przy u\u017cyciu Microsoft Dynamics 365","robots":{"index":"index","follow":"follow","max-snippet":"max-snippet:-1","max-image-preview":"max-image-preview:large","max-video-preview":"max-video-preview:-1"},"canonical":"https:\/\/atteli.com\/pl\/praca\/","og_locale":"pl_PL","og_type":"article","og_title":"Praca - Atteli","og_description":"Praca - Budujemy aplikacje typu low-code na Microsoft Power Platform. Wdra\u017camy system CRM przy u\u017cyciu Microsoft Dynamics 365","og_url":"https:\/\/atteli.com\/pl\/praca\/","og_site_name":"Atteli","article_modified_time":"2024-08-28T11:46:14+00:00","og_image":[{"url":"http:\/\/atteli.com\/wp-content\/uploads\/2024\/08\/atteli_praca.png","type":"","width":"","height":""}],"twitter_card":"summary_large_image","twitter_misc":{"Szacowany czas czytania":"1 minuta"},"schema":{"@context":"https:\/\/schema.org","@graph":[{"@type":"WebPage","@id":"https:\/\/atteli.com\/pl\/praca\/","url":"https:\/\/atteli.com\/pl\/praca\/","name":"Praca - Atteli","isPartOf":{"@id":"https:\/\/atteli.com\/pl\/#website"},"primaryImageOfPage":{"@id":"https:\/\/atteli.com\/pl\/praca\/#primaryimage"},"image":{"@id":"https:\/\/atteli.com\/pl\/praca\/#primaryimage"},"thumbnailUrl":"http:\/\/atteli.com\/wp-content\/uploads\/2024\/08\/atteli_praca.png","datePublished":"2024-08-28T11:38:12+00:00","dateModified":"2024-08-28T11:46:14+00:00","description":"Praca - Budujemy aplikacje typu low-code na Microsoft Power Platform. Wdra\u017camy system CRM przy u\u017cyciu Microsoft Dynamics 365","breadcrumb":{"@id":"https:\/\/atteli.com\/pl\/praca\/#breadcrumb"},"inLanguage":"pl-PL","potentialAction":[{"@type":"ReadAction","target":["https:\/\/atteli.com\/pl\/praca\/"]}]},{"@type":"ImageObject","inLanguage":"pl-PL","@id":"https:\/\/atteli.com\/pl\/praca\/#primaryimage","url":"http:\/\/atteli.com\/wp-content\/uploads\/2024\/08\/atteli_praca.png","contentUrl":"http:\/\/atteli.com\/wp-content\/uploads\/2024\/08\/atteli_praca.png"},{"@type":"BreadcrumbList","@id":"https:\/\/atteli.com\/pl\/praca\/#breadcrumb","itemListElement":[{"@type":"ListItem","position":1,"name":"Home","item":"https:\/\/atteli.com\/pl\/"},{"@type":"ListItem","position":2,"name":"Praca"}]},{"@type":"WebSite","@id":"https:\/\/atteli.com\/pl\/#website","url":"https:\/\/atteli.com\/pl\/","name":"Atteli","description":"\u2013 We create low-code, no-code applications on the Power Platform and implement Dynamics 365 CE. We are your Microsoft Partner.","potentialAction":[{"@type":"SearchAction","target":{"@type":"EntryPoint","urlTemplate":"https:\/\/atteli.com\/pl\/?s={search_term_string}"},"query-input":{"@type":"PropertyValueSpecification","valueRequired":true,"valueName":"search_term_string"}}],"inLanguage":"pl-PL"}]}},"_links":{"self":[{"href":"https:\/\/atteli.com\/pl\/wp-json\/wp\/v2\/pages\/7990","targetHints":{"allow":["GET"]}}],"collection":[{"href":"https:\/\/atteli.com\/pl\/wp-json\/wp\/v2\/pages"}],"about":[{"href":"https:\/\/atteli.com\/pl\/wp-json\/wp\/v2\/types\/page"}],"author":[{"embeddable":true,"href":"https:\/\/atteli.com\/pl\/wp-json\/wp\/v2\/users\/12"}],"replies":[{"embeddable":true,"href":"https:\/\/atteli.com\/pl\/wp-json\/wp\/v2\/comments?post=7990"}],"version-history":[{"count":13,"href":"https:\/\/atteli.com\/pl\/wp-json\/wp\/v2\/pages\/7990\/revisions"}],"predecessor-version":[{"id":8005,"href":"https:\/\/atteli.com\/pl\/wp-json\/wp\/v2\/pages\/7990\/revisions\/8005"}],"wp:attachment":[{"href":"https:\/\/atteli.com\/pl\/wp-json\/wp\/v2\/media?parent=7990"}],"curies":[{"name":"wp","href":"https:\/\/api.w.org\/{rel}","templated":true}]}}