{"id":6869,"date":"2024-06-13T13:19:25","date_gmt":"2024-06-13T11:19:25","guid":{"rendered":"http:\/\/atteli.com\/umow-rozmowe\/"},"modified":"2025-09-03T16:50:17","modified_gmt":"2025-09-03T14:50:17","slug":"kontakt","status":"publish","type":"page","link":"https:\/\/atteli.com\/pl\/kontakt\/","title":{"rendered":"Kontakt"},"content":{"rendered":"\t\t<div data-elementor-type=\"wp-page\" data-elementor-id=\"6869\" class=\"elementor elementor-6869 elementor-6852\" data-elementor-post-type=\"page\">\n\t\t\t\t\t\t<section class=\"elementor-section elementor-top-section elementor-element elementor-element-e9c3630 elementor-section-boxed elementor-section-height-default elementor-section-height-default\" data-id=\"e9c3630\" data-element_type=\"section\" data-settings=\"{&quot;background_background&quot;:&quot;classic&quot;,&quot;jet_parallax_layout_list&quot;:[]}\">\n\t\t\t\t\t\t\t<div class=\"elementor-background-overlay\"><\/div>\n\t\t\t\t\t\t\t<div class=\"elementor-container elementor-column-gap-default\">\n\t\t\t\t\t<div class=\"elementor-column elementor-col-100 elementor-top-column elementor-element elementor-element-33b2782\" data-id=\"33b2782\" data-element_type=\"column\" data-settings=\"{&quot;background_background&quot;:&quot;classic&quot;}\">\n\t\t\t<div class=\"elementor-widget-wrap elementor-element-populated\">\n\t\t\t\t\t\t<div class=\"elementor-element elementor-element-825a874 breadcrumbs elementor-widget elementor-widget-shortcode\" data-id=\"825a874\" data-element_type=\"widget\" data-widget_type=\"shortcode.default\">\n\t\t\t\t<div class=\"elementor-widget-container\">\n\t\t\t\t\t\t\t<div class=\"elementor-shortcode\"><span><span><a href=\"https:\/\/atteli.com\/pl\/\">Home<\/a><\/span><\/span><\/div>\n\t\t\t\t\t\t<\/div>\n\t\t\t\t<\/div>\n\t\t\t\t<div class=\"elementor-element elementor-element-7121c7e font-light elementor-widget elementor-widget-heading\" data-id=\"7121c7e\" data-element_type=\"widget\" data-widget_type=\"heading.default\">\n\t\t\t\t<div class=\"elementor-widget-container\">\n\t\t\t\t\t<h1 class=\"elementor-heading-title elementor-size-default\">Kontakt<\/h1>\t\t\t\t<\/div>\n\t\t\t\t<\/div>\n\t\t\t\t\t<\/div>\n\t\t<\/div>\n\t\t\t\t\t<\/div>\n\t\t<\/section>\n\t\t\t\t<section class=\"elementor-section elementor-top-section elementor-element elementor-element-99d27b2 elementor-section-boxed elementor-section-height-default elementor-section-height-default\" data-id=\"99d27b2\" data-element_type=\"section\" data-settings=\"{&quot;jet_parallax_layout_list&quot;:[]}\">\n\t\t\t\t\t\t<div class=\"elementor-container elementor-column-gap-default\">\n\t\t\t\t\t<div class=\"elementor-column elementor-col-50 elementor-top-column elementor-element elementor-element-58cca6a\" data-id=\"58cca6a\" data-element_type=\"column\">\n\t\t\t<div class=\"elementor-widget-wrap elementor-element-populated\">\n\t\t\t\t\t\t<section class=\"elementor-section elementor-inner-section elementor-element elementor-element-1513aba elementor-section-full_width elementor-section-height-default elementor-section-height-default\" data-id=\"1513aba\" data-element_type=\"section\" data-settings=\"{&quot;jet_parallax_layout_list&quot;:[]}\">\n\t\t\t\t\t\t<div class=\"elementor-container elementor-column-gap-no\">\n\t\t\t\t\t<div class=\"elementor-column elementor-col-100 elementor-inner-column elementor-element elementor-element-1c49f8a\" data-id=\"1c49f8a\" data-element_type=\"column\">\n\t\t\t<div class=\"elementor-widget-wrap elementor-element-populated\">\n\t\t\t\t\t\t<div class=\"elementor-element elementor-element-8b6b450 elementor-widget elementor-widget-heading\" data-id=\"8b6b450\" data-element_type=\"widget\" data-widget_type=\"heading.default\">\n\t\t\t\t<div class=\"elementor-widget-container\">\n\t\t\t\t\t<h2 class=\"elementor-heading-title elementor-size-default\">Adres<\/h2>\t\t\t\t<\/div>\n\t\t\t\t<\/div>\n\t\t\t\t<div class=\"elementor-element elementor-element-a4321a6 elementor-widget elementor-widget-text-editor\" data-id=\"a4321a6\" data-element_type=\"widget\" data-widget_type=\"text-editor.default\">\n\t\t\t\t<div class=\"elementor-widget-container\">\n\t\t\t\t\t\t\t\t\t<p>Szamocka 8<br \/>01-748 Warsaw, Poland<br \/><br \/><\/p><p>info@atteli.com<br \/>+48 533 533 779<br \/><br \/><\/p><p>KRS 0000453428<br \/>VAT ID 5252548444<\/p>\t\t\t\t\t\t\t\t<\/div>\n\t\t\t\t<\/div>\n\t\t\t\t\t<\/div>\n\t\t<\/div>\n\t\t\t\t\t<\/div>\n\t\t<\/section>\n\t\t\t\t\t<\/div>\n\t\t<\/div>\n\t\t\t\t<div class=\"elementor-column elementor-col-50 elementor-top-column elementor-element elementor-element-6c7e0c8\" data-id=\"6c7e0c8\" data-element_type=\"column\">\n\t\t\t<div class=\"elementor-widget-wrap elementor-element-populated\">\n\t\t\t\t\t\t<div class=\"elementor-element elementor-element-468e12f fluent-form-widget-step-header-yes fluent-form-widget-step-progressbar-yes fluentform-widget-submit-button-custom elementor-widget elementor-widget-fluent-form-widget\" data-id=\"468e12f\" data-element_type=\"widget\" data-widget_type=\"fluent-form-widget.default\">\n\t\t\t\t<div class=\"elementor-widget-container\">\n\t\t\t\t\t\n            <div class=\"fluentform-widget-wrapper fluentform-widget-align-default\">\n\n            \n            <div class='fluentform ff-default fluentform_wrapper_3 ffs_default_wrap'><form data-form_id=\"3\" id=\"fluentform_3\" class=\"frm-fluent-form fluent_form_3 ff-el-form-top ff_form_instance_3_1 ff-form-loading ff_has_v3_recptcha ffs_default\" data-form_instance=\"ff_form_instance_3_1\" method=\"POST\" data-recptcha_key=\"6LfGkWcrAAAAAOhviKgvLPxbe81Pxn8VdYj865ON\" ><fieldset  style=\"border: none!important;margin: 0!important;padding: 0!important;background-color: transparent!important;box-shadow: none!important;outline: none!important; min-inline-size: 100%;\">\n                    <legend class=\"ff_screen_reader_title\" style=\"display: block; margin: 0!important;padding: 0!important;height: 0!important;text-indent: -999999px;width: 0!important;overflow:hidden;\">Contact form - PL<\/legend><input type='hidden' name='__fluent_form_embded_post_id' value='6869' \/><input type=\"hidden\" id=\"_fluentform_3_fluentformnonce\" name=\"_fluentform_3_fluentformnonce\" value=\"ea9ef1291e\" \/><input type=\"hidden\" name=\"_wp_http_referer\" value=\"\/pl\/wp-json\/wp\/v2\/pages\/6869\" \/><div data-type=\"name-element\" data-name=\"names\" class=\" ff-field_container ff-name-field-wrapper\" ><div class='ff-t-container'><div class='ff-t-cell '><div class='ff-el-group ff-el-form-top'><div class=\"ff-el-input--label ff-el-is-required asterisk-right\"><label for='ff_3_names_first_name_' >Imi\u0119<\/label><\/div><div class='ff-el-input--content'><input type=\"text\" name=\"names[first_name]\" id=\"ff_3_names_first_name_\" class=\"ff-el-form-control\" placeholder=\"Imi\u0119\" aria-invalid=\"false\" aria-required=true><\/div><\/div><\/div><div class='ff-t-cell '><div class='ff-el-group ff-el-form-top'><div class=\"ff-el-input--label ff-el-is-required asterisk-right\"><label for='ff_3_names_last_name_' >Nazwisko<\/label><\/div><div class='ff-el-input--content'><input type=\"text\" name=\"names[last_name]\" id=\"ff_3_names_last_name_\" class=\"ff-el-form-control\" placeholder=\"Nazwisko\" aria-invalid=\"false\" aria-required=true><\/div><\/div><\/div><\/div><\/div><div data-name=\"ff_cn_id_1\"  class='ff-t-container ff-column-container ff_columns_total_2  '><div class='ff-t-cell ff-t-column-1' style='flex-basis: 50%;'><div class='ff-el-group'><div class=\"ff-el-input--label ff-el-is-required asterisk-right\"><label for='ff_3_input_text_1' aria-label=\"Firma\">Firma<\/label><\/div><div class='ff-el-input--content'><input type=\"text\" name=\"input_text_1\" class=\"ff-el-form-control\" placeholder=\"Firma\" data-name=\"input_text_1\" id=\"ff_3_input_text_1\"  aria-invalid=\"false\" aria-required=true><\/div><\/div><\/div><div class='ff-t-cell ff-t-column-2' style='flex-basis: 50%;'><div class='ff-el-group'><div class=\"ff-el-input--label ff-el-is-required asterisk-right\"><label for='ff_3_input_text_2' aria-label=\"Stanowisko\">Stanowisko<\/label><\/div><div class='ff-el-input--content'><input type=\"text\" name=\"input_text_2\" class=\"ff-el-form-control\" placeholder=\"Stanowisko\" data-name=\"input_text_2\" id=\"ff_3_input_text_2\"  aria-invalid=\"false\" aria-required=true><\/div><\/div><\/div><\/div><div data-name=\"ff_cn_id_2\"  class='ff-t-container ff-column-container ff_columns_total_2  '><div class='ff-t-cell ff-t-column-1' style='flex-basis: 50%;'><div class='ff-el-group'><div class=\"ff-el-input--label ff-el-is-required asterisk-right\"><label for='ff_3_email_1' aria-label=\"Email\">Email<\/label><\/div><div class='ff-el-input--content'><input type=\"email\" name=\"email_1\" id=\"ff_3_email_1\" class=\"ff-el-form-control\" placeholder=\"E-mail\" data-name=\"email_1\"  aria-invalid=\"false\" aria-required=true><\/div><\/div><\/div><div class='ff-t-cell ff-t-column-2' style='flex-basis: 50%;'><div class='ff-el-group'><div class=\"ff-el-input--label ff-el-is-required asterisk-right\"><label for='ff_3_phone_1' aria-label=\"Telefon\">Telefon<\/label><\/div><div class='ff-el-input--content'><input name=\"phone_1\" class=\"ff-el-form-control ff-el-phone ff_el_with_extended_validation\" type=\"tel\" placeholder=\"Telefon\" data-name=\"phone_1\" id=\"ff_3_phone_1\" inputmode=\"tel\"  aria-invalid='false' aria-required=true><\/div><\/div><\/div><\/div><div class='ff-el-group'><div class=\"ff-el-input--label ff-el-is-required asterisk-right\"><label for='ff_3_description' aria-label=\"Wiadomo\u015b\u0107\">Wiadomo\u015b\u0107<\/label><\/div><div class='ff-el-input--content'><textarea aria-invalid=\"false\" aria-required=true name=\"description\" id=\"ff_3_description\" class=\"ff-el-form-control\" placeholder=\"Komentarz \/ produkt, kt\u00f3ry Ci\u0119 interesuje\" rows=\"5\" cols=\"2\" data-name=\"description\" ><\/textarea><\/div><\/div><div class='ff-el-group'><div class='ff-el-input--content'><div class='ff-el-form-check ff-el-form-check-'><label class='ff-el-form-check-label' for=checkbox_d259c904120a215a7b737d8194e81937><input  type=\"checkbox\" name=\"checkbox[]\" data-name=\"checkbox\" class=\"ff-el-form-check-input ff-el-form-check-checkbox\" value=\"Akceptuj\u0119 &lt;a href=&quot;https:\/\/atteli.com\/pl\/polityka-prywatnosci\/&quot;&gt;polityk\u0119 prywatno\u015bci.&lt;\/a&gt;&amp;nbsp;Zgadzam si\u0119 na kontaktowanie mnie przez przedstawiciela Atteli w sprawie opisanej w tej wiadomo\u015bci.\"  id='checkbox_d259c904120a215a7b737d8194e81937' aria-label='Akceptuj\u0119 &lt;a href=&quot;https:\/\/atteli.com\/pl\/polityka-prywatnosci\/&quot;&gt;polityk\u0119 prywatno\u015bci.&lt;\/a&gt;&nbsp;Zgadzam si\u0119 na kontaktowanie mnie przez przedstawiciela Atteli w sprawie opisanej w tej wiadomo\u015bci.' aria-invalid='false' aria-required=true> <span>Akceptuj\u0119 <a href=\"https:\/\/atteli.com\/pl\/polityka-prywatnosci\/\">polityk\u0119 prywatno\u015bci.<\/a>&nbsp;Zgadzam si\u0119 na kontaktowanie mnie przez przedstawiciela Atteli w sprawie opisanej w tej wiadomo\u015bci.<\/span><\/label><\/div><\/div><\/div><div class='ff-el-group has-conditions'><div class='ff-el-input--content'><div class='ff-el-form-check ff-el-form-check-'><label class='ff-el-form-check-label' for=checkbox_1_a8d3ecd8b961e8e27f1ef411df50f7f2><input  type=\"checkbox\" name=\"checkbox_1[]\" data-name=\"checkbox_1\" class=\"ff-el-form-check-input ff-el-form-check-checkbox\" value=\"Chc\u0119 otrzymywa\u0107 tre\u015bci marketingowe od Atteli drog\u0105 elektroniczn\u0105.\"  id='checkbox_1_a8d3ecd8b961e8e27f1ef411df50f7f2' aria-label='Chc\u0119 otrzymywa\u0107 tre\u015bci marketingowe od Atteli drog\u0105 elektroniczn\u0105.' aria-invalid='false' aria-required=false> <span>Chc\u0119 otrzymywa\u0107 tre\u015bci marketingowe od Atteli drog\u0105 elektroniczn\u0105.<\/span><\/label><\/div><\/div><\/div><input type=\"hidden\" name=\"utm_source\" data-name=\"utm_source\" ><input type=\"hidden\" name=\"utm_medium\" data-name=\"utm_medium\" ><input type=\"hidden\" name=\"utm_term\" data-name=\"utm_term\" ><input type=\"hidden\" name=\"utm_campaign\" data-name=\"utm_campaign\" ><input type=\"hidden\" name=\"utm_content\" data-name=\"utm_content\" ><div class='ff-el-group ff-text-left ff_submit_btn_wrapper'><button type=\"submit\" class=\"ff-btn ff-btn-submit ff-btn-md ff_btn_style\" >Wy\u015blij<\/button><\/div><\/fieldset><\/form><div id='fluentform_3_errors' class='ff-errors-in-stack ff_form_instance_3_1 ff-form-loading_errors ff_form_instance_3_1_errors'><\/div><\/div>        <script type=\"text\/javascript\">\n            window.fluent_form_ff_form_instance_3_1 = {\"id\":\"3\",\"settings\":{\"layout\":{\"labelPlacement\":\"top\",\"asteriskPlacement\":\"asterisk-right\",\"helpMessagePlacement\":\"with_label\",\"errorMessagePlacement\":\"inline\",\"cssClassName\":\"\"},\"restrictions\":{\"denyEmptySubmission\":{\"enabled\":false}}},\"form_instance\":\"ff_form_instance_3_1\",\"form_id_selector\":\"fluentform_3\",\"rules\":{\"names[first_name]\":{\"required\":{\"value\":true,\"message\":\"To pole jest wymagane\",\"global_message\":\"To pole jest wymagane\",\"global\":true}},\"names[middle_name]\":{\"required\":{\"value\":false,\"message\":\"To pole jest wymagane\",\"global_message\":\"To pole jest wymagane\",\"global\":true}},\"names[last_name]\":{\"required\":{\"value\":true,\"message\":\"To pole jest wymagane\",\"global_message\":\"To pole jest wymagane\",\"global\":true}},\"input_text_1\":{\"required\":{\"value\":true,\"message\":\"To pole jest wymagane\",\"global\":true,\"global_message\":\"To pole jest wymagane\"}},\"input_text_2\":{\"required\":{\"value\":true,\"message\":\"To pole jest wymagane\",\"global\":true,\"global_message\":\"To pole jest wymagane\"}},\"email_1\":{\"required\":{\"value\":true,\"message\":\"To pole jest wymagane\",\"global\":false,\"global_message\":\"To pole jest wymagane\"},\"email\":{\"value\":true,\"message\":\" To pole musi zawiera\\u0107 prawid\\u0142owy adres e-mail\",\"global\":false,\"global_message\":\"To pole musi zawiera\\u0107 prawid\\u0142owy adres e-mail\"}},\"phone_1\":{\"required\":{\"value\":true,\"message\":\"To pole jest wymagane\",\"global\":true,\"global_message\":\"To pole jest wymagane\"},\"valid_phone_number\":{\"value\":true,\"message\":\"Numer telefonu jest nieprawid\\u0142owy\",\"global\":false,\"global_message\":\"Numer telefonu jest nieprawid\\u0142owy\"}},\"description\":{\"required\":{\"value\":true,\"message\":\"To pole jest wymagane\",\"global_message\":\"To pole jest wymagane\",\"global\":true}},\"checkbox\":{\"required\":{\"value\":true,\"message\":\"To pole jest wymagane\",\"global_message\":\"To pole jest wymagane\",\"global\":true}},\"checkbox_1\":{\"required\":{\"value\":false,\"message\":\"To pole jest wymagane\",\"global_message\":\"To pole jest wymagane\",\"global\":true}},\"g-recaptcha-response\":[]},\"debounce_time\":300,\"conditionals\":{\"checkbox_1\":{\"type\":\"any\",\"status\":true,\"conditions\":[{\"field\":\"checkbox\",\"value\":\"Akceptuj\\u0119 <a href=\\\"https:\\\/\\\/atteli.com\\\/pl\\\/polityka-prywatnosci\\\/\\\">polityk\\u0119 prywatno\\u015bci.<\\\/a>&nbsp;Zgadzam si\\u0119 na kontaktowanie mnie przez przedstawiciela Atteli w sprawie opisanej w tej wiadomo\\u015bci.\",\"operator\":\"=\"}],\"condition_groups\":[{\"rules\":[{\"field\":\"\",\"value\":\"\",\"operator\":\"\"}],\"title\":\"\",\"isEditingTitle\":false,\"isPreviewOpen\":false,\"isGroupOpen\":true}]}}};\n                    <\/script>\n                    <\/div>\n\n            \t\t\t\t<\/div>\n\t\t\t\t<\/div>\n\t\t\t\t\t<\/div>\n\t\t<\/div>\n\t\t\t\t\t<\/div>\n\t\t<\/section>\n\t\t\t\t<section class=\"elementor-section elementor-top-section elementor-element elementor-element-b0b1434 elementor-section-full_width elementor-section-stretched elementor-section-height-default elementor-section-height-default\" data-id=\"b0b1434\" data-element_type=\"section\" data-settings=\"{&quot;stretch_section&quot;:&quot;section-stretched&quot;,&quot;jet_parallax_layout_list&quot;:[]}\">\n\t\t\t\t\t\t<div class=\"elementor-container elementor-column-gap-default\">\n\t\t\t\t\t<div class=\"elementor-column elementor-col-100 elementor-top-column elementor-element elementor-element-3e7daca\" data-id=\"3e7daca\" data-element_type=\"column\">\n\t\t\t<div class=\"elementor-widget-wrap elementor-element-populated\">\n\t\t\t\t\t\t<div class=\"elementor-element elementor-element-5578648 elementor-widget elementor-widget-html\" data-id=\"5578648\" data-element_type=\"widget\" data-widget_type=\"html.default\">\n\t\t\t\t<div class=\"elementor-widget-container\">\n\t\t\t\t\t<iframe src=\"https:\/\/www.google.com\/maps\/embed?pb=!1m14!1m8!1m3!1d39075.60626970663!2d20.959119!3d52.257452!3m2!1i1024!2i768!4f13.1!3m3!1m2!1s0x471ecb32251590e7%3A0x826f2fbbee1205b!2sSzamocka%208%2C%2001-748%20Warszawa%2C%20Polska!5e0!3m2!1spl!2sus!4v1750264394074!5m2!1spl!2sus\" width=\"600\" height=\"450\" style=\"border:0;\" allowfullscreen=\"\" loading=\"lazy\" referrerpolicy=\"no-referrer-when-downgrade\"><\/iframe>\t\t\t\t<\/div>\n\t\t\t\t<\/div>\n\t\t\t\t\t<\/div>\n\t\t<\/div>\n\t\t\t\t\t<\/div>\n\t\t<\/section>\n\t\t\t\t<\/div>\n\t\t","protected":false},"excerpt":{"rendered":"<p>Kontakt Adres Szamocka 801-748 Warsaw, Poland info@atteli.com+48 533 533 779 KRS 0000453428VAT ID 5252548444 Contact form &#8211; PL Imi\u0119NazwiskoFirmaStanowiskoEmailTelefonWiadomo\u015b\u0107 Akceptuj\u0119 polityk\u0119 prywatno\u015bci.&nbsp;Zgadzam [&hellip;]<\/p>\n","protected":false},"author":12,"featured_media":0,"parent":0,"menu_order":0,"comment_status":"closed","ping_status":"closed","template":"page-templates\/page_front-page.php","meta":{"footnotes":""},"class_list":["post-6869","page","type-page","status-publish","hentry"],"yoast_head":"<!-- This site is optimized with the Yoast SEO plugin v25.0 - https:\/\/yoast.com\/wordpress\/plugins\/seo\/ -->\n<title>Kontakt - Atteli<\/title>\n<meta name=\"description\" content=\"Kontakt - Budujemy aplikacje typu low-code na Microsoft Power Platform. Wdra\u017camy system CRM przy u\u017cyciu Microsoft Dynamics 365\" \/>\n<meta name=\"robots\" content=\"index, follow, max-snippet:-1, max-image-preview:large, max-video-preview:-1\" \/>\n<link rel=\"canonical\" href=\"https:\/\/atteli.com\/pl\/kontakt\/\" \/>\n<meta property=\"og:locale\" content=\"pl_PL\" \/>\n<meta property=\"og:type\" content=\"article\" \/>\n<meta property=\"og:title\" content=\"Kontakt - Atteli\" \/>\n<meta property=\"og:description\" content=\"Kontakt - Budujemy aplikacje typu low-code na Microsoft Power Platform. Wdra\u017camy system CRM przy u\u017cyciu Microsoft Dynamics 365\" \/>\n<meta property=\"og:url\" content=\"https:\/\/atteli.com\/pl\/kontakt\/\" \/>\n<meta property=\"og:site_name\" content=\"Atteli\" \/>\n<meta property=\"article:modified_time\" content=\"2025-09-03T14:50:17+00:00\" \/>\n<meta name=\"twitter:card\" content=\"summary_large_image\" \/>\n<meta name=\"twitter:label1\" content=\"Szacowany czas czytania\" \/>\n\t<meta name=\"twitter:data1\" content=\"1 minuta\" \/>\n<script type=\"application\/ld+json\" class=\"yoast-schema-graph\">{\"@context\":\"https:\/\/schema.org\",\"@graph\":[{\"@type\":\"WebPage\",\"@id\":\"https:\/\/atteli.com\/pl\/kontakt\/\",\"url\":\"https:\/\/atteli.com\/pl\/kontakt\/\",\"name\":\"Kontakt - Atteli\",\"isPartOf\":{\"@id\":\"https:\/\/atteli.com\/pl\/#website\"},\"datePublished\":\"2024-06-13T11:19:25+00:00\",\"dateModified\":\"2025-09-03T14:50:17+00:00\",\"description\":\"Kontakt - Budujemy aplikacje typu low-code na Microsoft Power Platform. Wdra\u017camy system CRM przy u\u017cyciu Microsoft Dynamics 365\",\"breadcrumb\":{\"@id\":\"https:\/\/atteli.com\/pl\/kontakt\/#breadcrumb\"},\"inLanguage\":\"pl-PL\",\"potentialAction\":[{\"@type\":\"ReadAction\",\"target\":[\"https:\/\/atteli.com\/pl\/kontakt\/\"]}]},{\"@type\":\"BreadcrumbList\",\"@id\":\"https:\/\/atteli.com\/pl\/kontakt\/#breadcrumb\",\"itemListElement\":[{\"@type\":\"ListItem\",\"position\":1,\"name\":\"Home\",\"item\":\"https:\/\/atteli.com\/pl\/\"},{\"@type\":\"ListItem\",\"position\":2,\"name\":\"Kontakt\"}]},{\"@type\":\"WebSite\",\"@id\":\"https:\/\/atteli.com\/pl\/#website\",\"url\":\"https:\/\/atteli.com\/pl\/\",\"name\":\"Atteli\",\"description\":\"\u2013 We create low-code, no-code applications on the Power Platform and implement Dynamics 365 CE. We are your Microsoft Partner.\",\"potentialAction\":[{\"@type\":\"SearchAction\",\"target\":{\"@type\":\"EntryPoint\",\"urlTemplate\":\"https:\/\/atteli.com\/pl\/?s={search_term_string}\"},\"query-input\":{\"@type\":\"PropertyValueSpecification\",\"valueRequired\":true,\"valueName\":\"search_term_string\"}}],\"inLanguage\":\"pl-PL\"}]}<\/script>\n<!-- \/ Yoast SEO plugin. -->","yoast_head_json":{"title":"Kontakt - Atteli","description":"Kontakt - Budujemy aplikacje typu low-code na Microsoft Power Platform. Wdra\u017camy system CRM przy u\u017cyciu Microsoft Dynamics 365","robots":{"index":"index","follow":"follow","max-snippet":"max-snippet:-1","max-image-preview":"max-image-preview:large","max-video-preview":"max-video-preview:-1"},"canonical":"https:\/\/atteli.com\/pl\/kontakt\/","og_locale":"pl_PL","og_type":"article","og_title":"Kontakt - Atteli","og_description":"Kontakt - Budujemy aplikacje typu low-code na Microsoft Power Platform. Wdra\u017camy system CRM przy u\u017cyciu Microsoft Dynamics 365","og_url":"https:\/\/atteli.com\/pl\/kontakt\/","og_site_name":"Atteli","article_modified_time":"2025-09-03T14:50:17+00:00","twitter_card":"summary_large_image","twitter_misc":{"Szacowany czas czytania":"1 minuta"},"schema":{"@context":"https:\/\/schema.org","@graph":[{"@type":"WebPage","@id":"https:\/\/atteli.com\/pl\/kontakt\/","url":"https:\/\/atteli.com\/pl\/kontakt\/","name":"Kontakt - Atteli","isPartOf":{"@id":"https:\/\/atteli.com\/pl\/#website"},"datePublished":"2024-06-13T11:19:25+00:00","dateModified":"2025-09-03T14:50:17+00:00","description":"Kontakt - Budujemy aplikacje typu low-code na Microsoft Power Platform. Wdra\u017camy system CRM przy u\u017cyciu Microsoft Dynamics 365","breadcrumb":{"@id":"https:\/\/atteli.com\/pl\/kontakt\/#breadcrumb"},"inLanguage":"pl-PL","potentialAction":[{"@type":"ReadAction","target":["https:\/\/atteli.com\/pl\/kontakt\/"]}]},{"@type":"BreadcrumbList","@id":"https:\/\/atteli.com\/pl\/kontakt\/#breadcrumb","itemListElement":[{"@type":"ListItem","position":1,"name":"Home","item":"https:\/\/atteli.com\/pl\/"},{"@type":"ListItem","position":2,"name":"Kontakt"}]},{"@type":"WebSite","@id":"https:\/\/atteli.com\/pl\/#website","url":"https:\/\/atteli.com\/pl\/","name":"Atteli","description":"\u2013 We create low-code, no-code applications on the Power Platform and implement Dynamics 365 CE. We are your Microsoft Partner.","potentialAction":[{"@type":"SearchAction","target":{"@type":"EntryPoint","urlTemplate":"https:\/\/atteli.com\/pl\/?s={search_term_string}"},"query-input":{"@type":"PropertyValueSpecification","valueRequired":true,"valueName":"search_term_string"}}],"inLanguage":"pl-PL"}]}},"_links":{"self":[{"href":"https:\/\/atteli.com\/pl\/wp-json\/wp\/v2\/pages\/6869","targetHints":{"allow":["GET"]}}],"collection":[{"href":"https:\/\/atteli.com\/pl\/wp-json\/wp\/v2\/pages"}],"about":[{"href":"https:\/\/atteli.com\/pl\/wp-json\/wp\/v2\/types\/page"}],"author":[{"embeddable":true,"href":"https:\/\/atteli.com\/pl\/wp-json\/wp\/v2\/users\/12"}],"replies":[{"embeddable":true,"href":"https:\/\/atteli.com\/pl\/wp-json\/wp\/v2\/comments?post=6869"}],"version-history":[{"count":33,"href":"https:\/\/atteli.com\/pl\/wp-json\/wp\/v2\/pages\/6869\/revisions"}],"predecessor-version":[{"id":12103,"href":"https:\/\/atteli.com\/pl\/wp-json\/wp\/v2\/pages\/6869\/revisions\/12103"}],"wp:attachment":[{"href":"https:\/\/atteli.com\/pl\/wp-json\/wp\/v2\/media?parent=6869"}],"curies":[{"name":"wp","href":"https:\/\/api.w.org\/{rel}","templated":true}]}}