{"id":2622,"date":"2023-03-12T19:39:12","date_gmt":"2023-03-12T18:39:12","guid":{"rendered":"http:\/\/atteli.com\/blog2\/"},"modified":"2025-05-27T14:26:44","modified_gmt":"2025-05-27T12:26:44","slug":"blog-atteli","status":"publish","type":"page","link":"https:\/\/atteli.com\/pl\/blog-atteli\/","title":{"rendered":"Blog"},"content":{"rendered":"\t\t<div data-elementor-type=\"wp-page\" data-elementor-id=\"2622\" class=\"elementor elementor-2622 elementor-2005\" data-elementor-post-type=\"page\">\n\t\t\t\t\t\t<section class=\"elementor-section elementor-top-section elementor-element elementor-element-b206474 elementor-section-boxed elementor-section-height-default elementor-section-height-default\" data-id=\"b206474\" data-element_type=\"section\" data-settings=\"{&quot;background_background&quot;:&quot;classic&quot;,&quot;jet_parallax_layout_list&quot;:[]}\">\n\t\t\t\t\t\t\t<div class=\"elementor-background-overlay\"><\/div>\n\t\t\t\t\t\t\t<div class=\"elementor-container elementor-column-gap-default\">\n\t\t\t\t\t<div class=\"elementor-column elementor-col-100 elementor-top-column elementor-element elementor-element-b1260f8\" data-id=\"b1260f8\" data-element_type=\"column\" data-settings=\"{&quot;background_background&quot;:&quot;classic&quot;}\">\n\t\t\t<div class=\"elementor-widget-wrap elementor-element-populated\">\n\t\t\t\t\t\t<div class=\"elementor-element elementor-element-411e4c8 breadcrumb elementor-widget elementor-widget-shortcode\" data-id=\"411e4c8\" data-element_type=\"widget\" data-widget_type=\"shortcode.default\">\n\t\t\t\t<div class=\"elementor-widget-container\">\n\t\t\t\t\t\t\t<div class=\"elementor-shortcode\"><span><span><a href=\"https:\/\/atteli.com\/pl\/\">Home<\/a><\/span><\/span><\/div>\n\t\t\t\t\t\t<\/div>\n\t\t\t\t<\/div>\n\t\t\t\t<div class=\"elementor-element elementor-element-8c7f24f font-light elementor-widget elementor-widget-heading\" data-id=\"8c7f24f\" data-element_type=\"widget\" data-widget_type=\"heading.default\">\n\t\t\t\t<div class=\"elementor-widget-container\">\n\t\t\t\t\t<h1 class=\"elementor-heading-title elementor-size-default\">Blog Atteli dla B2B<br><span>Najlepsze praktyki: Samouczki, Przewodniki, Wiedza i Porady dla Ekspert\u00f3w.<\/span><\/h1>\t\t\t\t<\/div>\n\t\t\t\t<\/div>\n\t\t\t\t\t<\/div>\n\t\t<\/div>\n\t\t\t\t\t<\/div>\n\t\t<\/section>\n\t\t\t\t<\/div>\n\t\t","protected":false},"excerpt":{"rendered":"<p>Blog Atteli dla B2BNajlepsze praktyki: Samouczki, Przewodniki, Wiedza i Porady dla Ekspert\u00f3w.<\/p>\n","protected":false},"author":11,"featured_media":0,"parent":0,"menu_order":0,"comment_status":"closed","ping_status":"closed","template":"page-templates\/page_blog.php","meta":{"footnotes":""},"class_list":["post-2622","page","type-page","status-publish","hentry"],"yoast_head":"<!-- This site is optimized with the Yoast SEO plugin v25.0 - https:\/\/yoast.com\/wordpress\/plugins\/seo\/ -->\n<title>Blog - Atteli<\/title>\n<meta name=\"description\" content=\"Odkryj najnowsze technologie i b\u0105d\u017a na bie\u017c\u0105co z artyku\u0142ami naszych ekspert\u00f3w, kt\u00f3rzy dziel\u0105 si\u0119 praktycznymi wskaz\u00f3wkami.\" \/>\n<meta name=\"robots\" content=\"index, follow, max-snippet:-1, max-image-preview:large, max-video-preview:-1\" \/>\n<link rel=\"canonical\" href=\"https:\/\/atteli.com\/pl\/blog-atteli\/\" \/>\n<meta property=\"og:locale\" content=\"pl_PL\" \/>\n<meta property=\"og:type\" content=\"article\" \/>\n<meta property=\"og:title\" content=\"Blog - Atteli\" \/>\n<meta property=\"og:description\" content=\"Odkryj najnowsze technologie i b\u0105d\u017a na bie\u017c\u0105co z artyku\u0142ami naszych ekspert\u00f3w, kt\u00f3rzy dziel\u0105 si\u0119 praktycznymi wskaz\u00f3wkami.\" \/>\n<meta property=\"og:url\" content=\"https:\/\/atteli.com\/pl\/blog-atteli\/\" \/>\n<meta property=\"og:site_name\" content=\"Atteli\" \/>\n<meta property=\"article:modified_time\" content=\"2025-05-27T12:26:44+00:00\" \/>\n<meta name=\"twitter:card\" content=\"summary_large_image\" \/>\n<meta name=\"twitter:label1\" content=\"Szacowany czas czytania\" \/>\n\t<meta name=\"twitter:data1\" content=\"1 minuta\" \/>\n<script type=\"application\/ld+json\" class=\"yoast-schema-graph\">{\"@context\":\"https:\/\/schema.org\",\"@graph\":[{\"@type\":\"WebPage\",\"@id\":\"https:\/\/atteli.com\/pl\/blog-atteli\/\",\"url\":\"https:\/\/atteli.com\/pl\/blog-atteli\/\",\"name\":\"Blog - Atteli\",\"isPartOf\":{\"@id\":\"https:\/\/atteli.com\/pl\/#website\"},\"datePublished\":\"2023-03-12T18:39:12+00:00\",\"dateModified\":\"2025-05-27T12:26:44+00:00\",\"description\":\"Odkryj najnowsze technologie i b\u0105d\u017a na bie\u017c\u0105co z artyku\u0142ami naszych ekspert\u00f3w, kt\u00f3rzy dziel\u0105 si\u0119 praktycznymi wskaz\u00f3wkami.\",\"breadcrumb\":{\"@id\":\"https:\/\/atteli.com\/pl\/blog-atteli\/#breadcrumb\"},\"inLanguage\":\"pl-PL\",\"potentialAction\":[{\"@type\":\"ReadAction\",\"target\":[\"https:\/\/atteli.com\/pl\/blog-atteli\/\"]}]},{\"@type\":\"BreadcrumbList\",\"@id\":\"https:\/\/atteli.com\/pl\/blog-atteli\/#breadcrumb\",\"itemListElement\":[{\"@type\":\"ListItem\",\"position\":1,\"name\":\"Home\",\"item\":\"https:\/\/atteli.com\/pl\/\"},{\"@type\":\"ListItem\",\"position\":2,\"name\":\"Blog\"}]},{\"@type\":\"WebSite\",\"@id\":\"https:\/\/atteli.com\/pl\/#website\",\"url\":\"https:\/\/atteli.com\/pl\/\",\"name\":\"Atteli\",\"description\":\"\u2013 We create low-code, no-code applications on the Power Platform and implement Dynamics 365 CE. We are your Microsoft Partner.\",\"potentialAction\":[{\"@type\":\"SearchAction\",\"target\":{\"@type\":\"EntryPoint\",\"urlTemplate\":\"https:\/\/atteli.com\/pl\/?s={search_term_string}\"},\"query-input\":{\"@type\":\"PropertyValueSpecification\",\"valueRequired\":true,\"valueName\":\"search_term_string\"}}],\"inLanguage\":\"pl-PL\"}]}<\/script>\n<!-- \/ Yoast SEO plugin. -->","yoast_head_json":{"title":"Blog - Atteli","description":"Odkryj najnowsze technologie i b\u0105d\u017a na bie\u017c\u0105co z artyku\u0142ami naszych ekspert\u00f3w, kt\u00f3rzy dziel\u0105 si\u0119 praktycznymi wskaz\u00f3wkami.","robots":{"index":"index","follow":"follow","max-snippet":"max-snippet:-1","max-image-preview":"max-image-preview:large","max-video-preview":"max-video-preview:-1"},"canonical":"https:\/\/atteli.com\/pl\/blog-atteli\/","og_locale":"pl_PL","og_type":"article","og_title":"Blog - Atteli","og_description":"Odkryj najnowsze technologie i b\u0105d\u017a na bie\u017c\u0105co z artyku\u0142ami naszych ekspert\u00f3w, kt\u00f3rzy dziel\u0105 si\u0119 praktycznymi wskaz\u00f3wkami.","og_url":"https:\/\/atteli.com\/pl\/blog-atteli\/","og_site_name":"Atteli","article_modified_time":"2025-05-27T12:26:44+00:00","twitter_card":"summary_large_image","twitter_misc":{"Szacowany czas czytania":"1 minuta"},"schema":{"@context":"https:\/\/schema.org","@graph":[{"@type":"WebPage","@id":"https:\/\/atteli.com\/pl\/blog-atteli\/","url":"https:\/\/atteli.com\/pl\/blog-atteli\/","name":"Blog - Atteli","isPartOf":{"@id":"https:\/\/atteli.com\/pl\/#website"},"datePublished":"2023-03-12T18:39:12+00:00","dateModified":"2025-05-27T12:26:44+00:00","description":"Odkryj najnowsze technologie i b\u0105d\u017a na bie\u017c\u0105co z artyku\u0142ami naszych ekspert\u00f3w, kt\u00f3rzy dziel\u0105 si\u0119 praktycznymi wskaz\u00f3wkami.","breadcrumb":{"@id":"https:\/\/atteli.com\/pl\/blog-atteli\/#breadcrumb"},"inLanguage":"pl-PL","potentialAction":[{"@type":"ReadAction","target":["https:\/\/atteli.com\/pl\/blog-atteli\/"]}]},{"@type":"BreadcrumbList","@id":"https:\/\/atteli.com\/pl\/blog-atteli\/#breadcrumb","itemListElement":[{"@type":"ListItem","position":1,"name":"Home","item":"https:\/\/atteli.com\/pl\/"},{"@type":"ListItem","position":2,"name":"Blog"}]},{"@type":"WebSite","@id":"https:\/\/atteli.com\/pl\/#website","url":"https:\/\/atteli.com\/pl\/","name":"Atteli","description":"\u2013 We create low-code, no-code applications on the Power Platform and implement Dynamics 365 CE. We are your Microsoft Partner.","potentialAction":[{"@type":"SearchAction","target":{"@type":"EntryPoint","urlTemplate":"https:\/\/atteli.com\/pl\/?s={search_term_string}"},"query-input":{"@type":"PropertyValueSpecification","valueRequired":true,"valueName":"search_term_string"}}],"inLanguage":"pl-PL"}]}},"_links":{"self":[{"href":"https:\/\/atteli.com\/pl\/wp-json\/wp\/v2\/pages\/2622","targetHints":{"allow":["GET"]}}],"collection":[{"href":"https:\/\/atteli.com\/pl\/wp-json\/wp\/v2\/pages"}],"about":[{"href":"https:\/\/atteli.com\/pl\/wp-json\/wp\/v2\/types\/page"}],"author":[{"embeddable":true,"href":"https:\/\/atteli.com\/pl\/wp-json\/wp\/v2\/users\/11"}],"replies":[{"embeddable":true,"href":"https:\/\/atteli.com\/pl\/wp-json\/wp\/v2\/comments?post=2622"}],"version-history":[{"count":16,"href":"https:\/\/atteli.com\/pl\/wp-json\/wp\/v2\/pages\/2622\/revisions"}],"predecessor-version":[{"id":10086,"href":"https:\/\/atteli.com\/pl\/wp-json\/wp\/v2\/pages\/2622\/revisions\/10086"}],"wp:attachment":[{"href":"https:\/\/atteli.com\/pl\/wp-json\/wp\/v2\/media?parent=2622"}],"curies":[{"name":"wp","href":"https:\/\/api.w.org\/{rel}","templated":true}]}}